{"id":4067,"date":"2025-10-01T13:29:24","date_gmt":"2025-10-01T11:29:24","guid":{"rendered":"https:\/\/www.akselera.com\/?page_id=4067"},"modified":"2025-10-01T13:29:24","modified_gmt":"2025-10-01T11:29:24","slug":"personvernerklaering","status":"publish","type":"page","link":"https:\/\/www.akselera.com\/no\/personvernerklaering\/","title":{"rendered":"Personvernerkl\u00e6ring"},"content":{"rendered":"<h1 data-start=\"187\" data-end=\"210\">Personvernerkl\u00e6ring<\/h1>\n<p>Vi i <strong data-start=\"217\" data-end=\"229\">Akselera<\/strong> tar ditt personvern p\u00e5 alvor. Her finner du informasjon om hvordan vi samler inn, bruker og beskytter dine personopplysninger i samsvar med GDPR og norsk lov.<\/p>\n<hr data-start=\"392\" data-end=\"395\" \/>\n<h2 data-start=\"397\" data-end=\"420\">Hvem er ansvarlig?<\/h2>\n<p data-start=\"421\" data-end=\"571\">Akselera Norway AS er behandlingsansvarlig.<br data-start=\"457\" data-end=\"460\" \/><strong data-start=\"460\" data-end=\"472\">Adresse:<\/strong> Strandveien 33, 1366 Lysaker<br data-start=\"501\" data-end=\"504\" \/><strong data-start=\"504\" data-end=\"515\">E-post:<\/strong> <a class=\"decorated-link cursor-pointer\" rel=\"noopener\" data-start=\"516\" data-end=\"539\">recruiting@akselera.com<\/a><br data-start=\"539\" data-end=\"542\" \/><strong data-start=\"542\" data-end=\"554\">Telefon:<\/strong> +47 900 94 942<\/p>\n<hr data-start=\"573\" data-end=\"576\" \/>\n<h2 data-start=\"578\" data-end=\"617\">Hvilke opplysninger samler vi inn?<\/h2>\n<p data-start=\"618\" data-end=\"637\">Vi kan samle inn:<\/p>\n<ul data-start=\"638\" data-end=\"866\">\n<li data-start=\"638\" data-end=\"695\">\n<p data-start=\"640\" data-end=\"695\">Navn og kontaktinformasjon (e-post, telefon, adresse)<\/p>\n<\/li>\n<li data-start=\"696\" data-end=\"745\">\n<p data-start=\"698\" data-end=\"745\">Opplysninger fra s\u00f8knader\/CV ved rekruttering<\/p>\n<\/li>\n<li data-start=\"746\" data-end=\"808\">\n<p data-start=\"748\" data-end=\"808\">Brukerdata fra nettsiden (cookies, IP-adresse, statistikk)<\/p>\n<\/li>\n<li data-start=\"809\" data-end=\"866\">\n<p data-start=\"811\" data-end=\"866\">Informasjon du selv gir oss via skjemaer eller dialog<\/p>\n<\/li>\n<\/ul>\n<hr data-start=\"868\" data-end=\"871\" \/>\n<h2 data-start=\"873\" data-end=\"913\">Hvorfor samler vi inn opplysninger?<\/h2>\n<p data-start=\"914\" data-end=\"946\">Vi bruker opplysningene til \u00e5:<\/p>\n<ul data-start=\"947\" data-end=\"1156\">\n<li data-start=\"947\" data-end=\"988\">\n<p data-start=\"949\" data-end=\"988\">Levere tjenester og f\u00f8lge opp avtaler<\/p>\n<\/li>\n<li data-start=\"989\" data-end=\"1032\">\n<p data-start=\"991\" data-end=\"1032\">Forbedre nettsiden og brukeropplevelsen<\/p>\n<\/li>\n<li data-start=\"1033\" data-end=\"1095\">\n<p data-start=\"1035\" data-end=\"1095\">Sende informasjon og markedsf\u00f8ring (hvis du har samtykket)<\/p>\n<\/li>\n<li data-start=\"1096\" data-end=\"1127\">\n<p data-start=\"1098\" data-end=\"1127\">Rekruttere nye medarbeidere<\/p>\n<\/li>\n<li data-start=\"1128\" data-end=\"1156\">\n<p data-start=\"1130\" data-end=\"1156\">Oppfylle lovp\u00e5lagte krav<\/p>\n<\/li>\n<\/ul>\n<hr data-start=\"1158\" data-end=\"1161\" \/>\n<h2 data-start=\"1163\" data-end=\"1190\">Deling av opplysninger<\/h2>\n<p data-start=\"1191\" data-end=\"1255\">Vi deler ikke personopplysninger med tredjeparter, med mindre:<\/p>\n<ul data-start=\"1256\" data-end=\"1374\">\n<li data-start=\"1256\" data-end=\"1322\">\n<p data-start=\"1258\" data-end=\"1322\">Vi bruker databehandlere (f.eks. IT- og rekrutteringssystemer)<\/p>\n<\/li>\n<li data-start=\"1323\" data-end=\"1349\">\n<p data-start=\"1325\" data-end=\"1349\">Vi er lovp\u00e5lagt \u00e5 dele<\/p>\n<\/li>\n<li data-start=\"1350\" data-end=\"1374\">\n<p data-start=\"1352\" data-end=\"1374\">Du har gitt samtykke<\/p>\n<\/li>\n<\/ul>\n<p data-start=\"1376\" data-end=\"1461\">Hvis opplysninger behandles utenfor EU\/E\u00d8S, sikrer vi at det skjer i tr\u00e5d med GDPR.<\/p>\n<hr data-start=\"1463\" data-end=\"1466\" \/>\n<h2 data-start=\"1468\" data-end=\"1480\">Lagring<\/h2>\n<ul data-start=\"1481\" data-end=\"1670\">\n<li data-start=\"1481\" data-end=\"1548\">\n<p data-start=\"1483\" data-end=\"1548\">Markedsf\u00f8ringsopplysninger: inntil <strong data-start=\"1518\" data-end=\"1526\">5 \u00e5r<\/strong> etter siste kontakt<\/p>\n<\/li>\n<li data-start=\"1549\" data-end=\"1602\">\n<p data-start=\"1551\" data-end=\"1602\">Rekruttering: inntil <strong data-start=\"1572\" data-end=\"1580\">2 \u00e5r<\/strong> etter siste kontakt<\/p>\n<\/li>\n<li data-start=\"1603\" data-end=\"1670\">\n<p data-start=\"1605\" data-end=\"1670\">Avtaleforhold og lovp\u00e5lagt lagring: s\u00e5 lenge regelverket krever<\/p>\n<\/li>\n<\/ul>\n<hr data-start=\"1672\" data-end=\"1675\" \/>\n<h2 data-start=\"1677\" data-end=\"1689\">Cookies<\/h2>\n<p data-start=\"1690\" data-end=\"1936\">Vi bruker cookies for \u00e5 analysere trafikk, tilpasse innhold og forbedre brukeropplevelsen. Dette inkluderer Google Analytics og annonseringsplattformer (Google Ads, LinkedIn Ads).\u00a0 Du kan selv justere eller sl\u00e5 av cookies i nettleseren din.<\/p>\n<hr data-start=\"1938\" data-end=\"1941\" \/>\n<h2 data-start=\"1943\" data-end=\"1964\">Dine rettigheter<\/h2>\n<p data-start=\"1965\" data-end=\"1988\">Du kan n\u00e5r som helst:<\/p>\n<ul data-start=\"1989\" data-end=\"2213\">\n<li data-start=\"1989\" data-end=\"2038\">\n<p data-start=\"1991\" data-end=\"2038\">F\u00e5 innsyn i hvilke opplysninger vi har om deg<\/p>\n<\/li>\n<li data-start=\"2039\" data-end=\"2071\">\n<p data-start=\"2041\" data-end=\"2071\">Be om retting eller sletting<\/p>\n<\/li>\n<li data-start=\"2072\" data-end=\"2107\">\n<p data-start=\"2074\" data-end=\"2107\">Be om begrensning av behandling<\/p>\n<\/li>\n<li data-start=\"2108\" data-end=\"2135\">\n<p data-start=\"2110\" data-end=\"2135\">Trekke tilbake samtykke<\/p>\n<\/li>\n<li data-start=\"2136\" data-end=\"2168\">\n<p data-start=\"2138\" data-end=\"2168\">Protestere mot markedsf\u00f8ring<\/p>\n<\/li>\n<li data-start=\"2169\" data-end=\"2213\">\n<p data-start=\"2171\" data-end=\"2213\">F\u00e5 utlevert dine data (dataportabilitet)<\/p>\n<\/li>\n<\/ul>\n<p data-start=\"2215\" data-end=\"2296\">Du kan ogs\u00e5 klage til <strong data-start=\"2237\" data-end=\"2253\">Datatilsynet<\/strong> om du mener vi bryter personvernreglene.<\/p>\n<hr data-start=\"2298\" data-end=\"2301\" \/>\n<h2 data-start=\"2303\" data-end=\"2317\">Sikkerhet<\/h2>\n<p data-start=\"2318\" data-end=\"2444\">Vi benytter tekniske og organisatoriske tiltak for \u00e5 beskytte opplysningene dine mot uautorisert tilgang, tap eller misbruk.<\/p>\n","protected":false},"excerpt":{"rendered":"<p>Personvernerkl\u00e6ring Vi i Akselera tar ditt personvern p\u00e5 alvor. Her finner du informasjon om hvordan vi samler inn, bruker og beskytter dine personopplysninger i samsvar med GDPR og norsk lov&#8230;.<\/p>\n","protected":false},"author":4,"featured_media":0,"parent":0,"menu_order":0,"comment_status":"closed","ping_status":"closed","template":"","meta":{"inline_featured_image":false,"footnotes":""},"class_list":["post-4067","page","type-page","status-publish"],"yoast_head":"<!-- This site is optimized with the Yoast SEO plugin v27.2 - https:\/\/yoast.com\/product\/yoast-seo-wordpress\/ -->\n<title>Personvernerkl\u00e6ring - Akselera<\/title>\n<meta name=\"robots\" content=\"index, follow, max-snippet:-1, max-image-preview:large, max-video-preview:-1\" \/>\n<link rel=\"canonical\" href=\"https:\/\/www.akselera.com\/no\/personvernerklaering\/\" \/>\n<meta property=\"og:locale\" content=\"nb_NO\" \/>\n<meta property=\"og:type\" content=\"article\" \/>\n<meta property=\"og:title\" content=\"Personvernerkl\u00e6ring - Akselera\" \/>\n<meta property=\"og:description\" content=\"Personvernerkl\u00e6ring Vi i Akselera tar ditt personvern p\u00e5 alvor. Her finner du informasjon om hvordan vi samler inn, bruker og beskytter dine personopplysninger i samsvar med GDPR og norsk lov....\" \/>\n<meta property=\"og:url\" content=\"https:\/\/www.akselera.com\/no\/personvernerklaering\/\" \/>\n<meta property=\"og:site_name\" content=\"Akselera\" \/>\n<meta property=\"og:image\" content=\"https:\/\/www.akselera.com\/wp-content\/uploads\/2020\/12\/Akselera-paralax-1200x630-1.jpg\" \/>\n\t<meta property=\"og:image:width\" content=\"1200\" \/>\n\t<meta property=\"og:image:height\" content=\"630\" \/>\n\t<meta property=\"og:image:type\" content=\"image\/jpeg\" \/>\n<script type=\"application\/ld+json\" class=\"yoast-schema-graph\">{\"@context\":\"https:\/\/schema.org\",\"@graph\":[{\"@type\":\"WebPage\",\"@id\":\"https:\/\/www.akselera.com\/no\/personvernerklaering\/\",\"url\":\"https:\/\/www.akselera.com\/no\/personvernerklaering\/\",\"name\":\"Personvernerkl\u00e6ring - Akselera\",\"isPartOf\":{\"@id\":\"https:\/\/www.akselera.com\/#website\"},\"datePublished\":\"2025-10-01T11:29:24+00:00\",\"breadcrumb\":{\"@id\":\"https:\/\/www.akselera.com\/no\/personvernerklaering\/#breadcrumb\"},\"inLanguage\":\"nb-NO\",\"potentialAction\":[{\"@type\":\"ReadAction\",\"target\":[\"https:\/\/www.akselera.com\/no\/personvernerklaering\/\"]}]},{\"@type\":\"BreadcrumbList\",\"@id\":\"https:\/\/www.akselera.com\/no\/personvernerklaering\/#breadcrumb\",\"itemListElement\":[{\"@type\":\"ListItem\",\"position\":1,\"name\":\"Hjem\",\"item\":\"https:\/\/www.akselera.com\/\"},{\"@type\":\"ListItem\",\"position\":2,\"name\":\"Personvernerkl\u00e6ring\"}]},{\"@type\":\"WebSite\",\"@id\":\"https:\/\/www.akselera.com\/#website\",\"url\":\"https:\/\/www.akselera.com\/\",\"name\":\"Akselera\",\"description\":\"Value through experience\",\"publisher\":{\"@id\":\"https:\/\/www.akselera.com\/#organization\"},\"potentialAction\":[{\"@type\":\"SearchAction\",\"target\":{\"@type\":\"EntryPoint\",\"urlTemplate\":\"https:\/\/www.akselera.com\/?s={search_term_string}\"},\"query-input\":{\"@type\":\"PropertyValueSpecification\",\"valueRequired\":true,\"valueName\":\"search_term_string\"}}],\"inLanguage\":\"nb-NO\"},{\"@type\":\"Organization\",\"@id\":\"https:\/\/www.akselera.com\/#organization\",\"name\":\"Akselera\",\"url\":\"https:\/\/www.akselera.com\/\",\"logo\":{\"@type\":\"ImageObject\",\"inLanguage\":\"nb-NO\",\"@id\":\"https:\/\/www.akselera.com\/#\/schema\/logo\/image\/\",\"url\":\"https:\/\/www.akselera.com\/wp-content\/uploads\/2020\/12\/Akselera-Favicon-010.png\",\"contentUrl\":\"https:\/\/www.akselera.com\/wp-content\/uploads\/2020\/12\/Akselera-Favicon-010.png\",\"width\":114,\"height\":104,\"caption\":\"Akselera\"},\"image\":{\"@id\":\"https:\/\/www.akselera.com\/#\/schema\/logo\/image\/\"},\"sameAs\":[\"https:\/\/www.linkedin.com\/company\/akselera\/\"]}]}<\/script>\n<!-- \/ Yoast SEO plugin. -->","yoast_head_json":{"title":"Personvernerkl\u00e6ring - Akselera","robots":{"index":"index","follow":"follow","max-snippet":"max-snippet:-1","max-image-preview":"max-image-preview:large","max-video-preview":"max-video-preview:-1"},"canonical":"https:\/\/www.akselera.com\/no\/personvernerklaering\/","og_locale":"nb_NO","og_type":"article","og_title":"Personvernerkl\u00e6ring - Akselera","og_description":"Personvernerkl\u00e6ring Vi i Akselera tar ditt personvern p\u00e5 alvor. Her finner du informasjon om hvordan vi samler inn, bruker og beskytter dine personopplysninger i samsvar med GDPR og norsk lov....","og_url":"https:\/\/www.akselera.com\/no\/personvernerklaering\/","og_site_name":"Akselera","og_image":[{"width":1200,"height":630,"url":"https:\/\/www.akselera.com\/wp-content\/uploads\/2020\/12\/Akselera-paralax-1200x630-1.jpg","type":"image\/jpeg"}],"schema":{"@context":"https:\/\/schema.org","@graph":[{"@type":"WebPage","@id":"https:\/\/www.akselera.com\/no\/personvernerklaering\/","url":"https:\/\/www.akselera.com\/no\/personvernerklaering\/","name":"Personvernerkl\u00e6ring - Akselera","isPartOf":{"@id":"https:\/\/www.akselera.com\/#website"},"datePublished":"2025-10-01T11:29:24+00:00","breadcrumb":{"@id":"https:\/\/www.akselera.com\/no\/personvernerklaering\/#breadcrumb"},"inLanguage":"nb-NO","potentialAction":[{"@type":"ReadAction","target":["https:\/\/www.akselera.com\/no\/personvernerklaering\/"]}]},{"@type":"BreadcrumbList","@id":"https:\/\/www.akselera.com\/no\/personvernerklaering\/#breadcrumb","itemListElement":[{"@type":"ListItem","position":1,"name":"Hjem","item":"https:\/\/www.akselera.com\/"},{"@type":"ListItem","position":2,"name":"Personvernerkl\u00e6ring"}]},{"@type":"WebSite","@id":"https:\/\/www.akselera.com\/#website","url":"https:\/\/www.akselera.com\/","name":"Akselera","description":"Value through experience","publisher":{"@id":"https:\/\/www.akselera.com\/#organization"},"potentialAction":[{"@type":"SearchAction","target":{"@type":"EntryPoint","urlTemplate":"https:\/\/www.akselera.com\/?s={search_term_string}"},"query-input":{"@type":"PropertyValueSpecification","valueRequired":true,"valueName":"search_term_string"}}],"inLanguage":"nb-NO"},{"@type":"Organization","@id":"https:\/\/www.akselera.com\/#organization","name":"Akselera","url":"https:\/\/www.akselera.com\/","logo":{"@type":"ImageObject","inLanguage":"nb-NO","@id":"https:\/\/www.akselera.com\/#\/schema\/logo\/image\/","url":"https:\/\/www.akselera.com\/wp-content\/uploads\/2020\/12\/Akselera-Favicon-010.png","contentUrl":"https:\/\/www.akselera.com\/wp-content\/uploads\/2020\/12\/Akselera-Favicon-010.png","width":114,"height":104,"caption":"Akselera"},"image":{"@id":"https:\/\/www.akselera.com\/#\/schema\/logo\/image\/"},"sameAs":["https:\/\/www.linkedin.com\/company\/akselera\/"]}]}},"_links":{"self":[{"href":"https:\/\/www.akselera.com\/no\/wp-json\/wp\/v2\/pages\/4067","targetHints":{"allow":["GET"]}}],"collection":[{"href":"https:\/\/www.akselera.com\/no\/wp-json\/wp\/v2\/pages"}],"about":[{"href":"https:\/\/www.akselera.com\/no\/wp-json\/wp\/v2\/types\/page"}],"author":[{"embeddable":true,"href":"https:\/\/www.akselera.com\/no\/wp-json\/wp\/v2\/users\/4"}],"replies":[{"embeddable":true,"href":"https:\/\/www.akselera.com\/no\/wp-json\/wp\/v2\/comments?post=4067"}],"version-history":[{"count":0,"href":"https:\/\/www.akselera.com\/no\/wp-json\/wp\/v2\/pages\/4067\/revisions"}],"wp:attachment":[{"href":"https:\/\/www.akselera.com\/no\/wp-json\/wp\/v2\/media?parent=4067"}],"curies":[{"name":"wp","href":"https:\/\/api.w.org\/{rel}","templated":true}]}}