{"id":3730,"date":"2025-09-02T14:16:50","date_gmt":"2025-09-02T12:16:50","guid":{"rendered":"https:\/\/www.akselera.com\/?page_id=3730"},"modified":"2026-03-11T11:03:05","modified_gmt":"2026-03-11T10:03:05","slug":"mads-tefre-rydholt","status":"publish","type":"page","link":"https:\/\/www.akselera.com\/no\/vare-ansatte\/mads-tefre-rydholt\/","title":{"rendered":"Mads Tefre Rydholt"},"content":{"rendered":"[vc_row type=&raquo;full_width_background&raquo; full_screen_row_position=&raquo;middle&raquo; column_margin=&raquo;default&raquo; column_direction=&raquo;default&raquo; column_direction_tablet=&raquo;default&raquo; column_direction_phone=&raquo;default&raquo; bg_image=&raquo;63&#8243; bg_image_type=&raquo;default&raquo; bg_position=&raquo;center bottom&raquo; background_image_loading=&raquo;default&raquo; bg_repeat=&raquo;no-repeat&raquo; scene_position=&raquo;center&raquo; top_padding=&raquo;9%&raquo; constrain_group_1=&raquo;yes&raquo; bottom_padding=&raquo;9%&raquo; top_padding_phone=&raquo;20%&raquo; bottom_padding_phone=&raquo;20%&raquo; text_color=&raquo;dark&raquo; text_align=&raquo;left&raquo; row_border_radius=&raquo;none&raquo; row_border_radius_applies=&raquo;bg&raquo; row_position_desktop=&raquo;default&raquo; row_position_tablet=&raquo;inherit&raquo; row_position_phone=&raquo;inherit&raquo; overflow=&raquo;visible&raquo; color_overlay=&raquo;#2c4e68&#8243; overlay_strength=&raquo;0.5&#8243; gradient_direction=&raquo;left_to_right&raquo; shape_divider_position=&raquo;bottom&raquo; bg_image_animation=&raquo;none&raquo; shape_type=&raquo;&raquo;][vc_column column_padding=&raquo;no-extra-padding&raquo; column_padding_tablet=&raquo;inherit&raquo; column_padding_phone=&raquo;inherit&raquo; column_padding_position=&raquo;all&raquo; flex_gap_desktop=&raquo;10px&raquo; column_element_direction_desktop=&raquo;default&raquo; column_element_spacing=&raquo;default&raquo; desktop_text_alignment=&raquo;default&raquo; tablet_text_alignment=&raquo;default&raquo; phone_text_alignment=&raquo;default&raquo; background_color_opacity=&raquo;1&#8243; background_hover_color_opacity=&raquo;1&#8243; column_backdrop_filter=&raquo;none&raquo; column_shadow=&raquo;none&raquo; column_border_radius=&raquo;none&raquo; column_link_target=&raquo;_self&raquo; column_position=&raquo;default&raquo; gradient_direction=&raquo;left_to_right&raquo; overlay_strength=&raquo;0.3&#8243; width=&raquo;1\/1&#8243; tablet_width_inherit=&raquo;default&raquo; animation_type=&raquo;default&raquo; bg_image_animation=&raquo;none&raquo; border_type=&raquo;simple&raquo; column_border_width=&raquo;none&raquo; column_border_style=&raquo;solid&raquo;][\/vc_column][\/vc_row][vc_row type=&raquo;in_container&raquo; full_screen_row_position=&raquo;middle&raquo; column_margin=&raquo;default&raquo; column_direction=&raquo;default&raquo; column_direction_tablet=&raquo;default&raquo; column_direction_phone=&raquo;default&raquo; scene_position=&raquo;center&raquo; top_padding_phone=&raquo;75&#8243; text_color=&raquo;dark&raquo; text_align=&raquo;left&raquo; row_border_radius=&raquo;none&raquo; row_border_radius_applies=&raquo;bg&raquo; row_position_desktop=&raquo;default&raquo; row_position_tablet=&raquo;inherit&raquo; row_position_phone=&raquo;inherit&raquo; overflow=&raquo;visible&raquo; class=&raquo;section-info-ansatte&raquo; overlay_strength=&raquo;0.3&#8243; gradient_direction=&raquo;left_to_right&raquo; shape_divider_position=&raquo;bottom&raquo; bg_image_animation=&raquo;none&raquo; shape_type=&raquo;&raquo;][vc_column column_padding=&raquo;no-extra-padding&raquo; column_padding_tablet=&raquo;inherit&raquo; column_padding_phone=&raquo;inherit&raquo; column_padding_position=&raquo;all&raquo; top_margin_phone=&raquo;-50&#8243; flex_gap_desktop=&raquo;10px&raquo; column_element_direction_desktop=&raquo;default&raquo; column_element_spacing=&raquo;default&raquo; desktop_text_alignment=&raquo;default&raquo; tablet_text_alignment=&raquo;default&raquo; phone_text_alignment=&raquo;default&raquo; background_color_opacity=&raquo;1&#8243; background_hover_color_opacity=&raquo;1&#8243; column_backdrop_filter=&raquo;none&raquo; column_shadow=&raquo;none&raquo; column_border_radius=&raquo;none&raquo; column_link_target=&raquo;_self&raquo; column_position=&raquo;default&raquo; gradient_direction=&raquo;left_to_right&raquo; overlay_strength=&raquo;0.3&#8243; width=&raquo;1\/1&#8243; tablet_width_inherit=&raquo;default&raquo; animation_type=&raquo;default&raquo; bg_image_animation=&raquo;none&raquo; border_type=&raquo;simple&raquo; column_border_width=&raquo;none&raquo; column_border_style=&raquo;solid&raquo;][vc_row_inner column_margin=&raquo;40px&raquo; column_direction=&raquo;default&raquo; column_direction_tablet=&raquo;default&raquo; column_direction_phone=&raquo;default&raquo; top_padding=&raquo;70&#8243; left_padding_desktop=&raquo;70&#8243; constrain_group_2=&raquo;yes&raquo; right_padding_desktop=&raquo;70&#8243; top_padding_phone=&raquo;0&#8243; left_padding_phone=&raquo;0&#8243; right_padding_phone=&raquo;0&#8243; translate_y=&raquo;-100px&raquo; text_align=&raquo;left&raquo; row_position=&raquo;default&raquo; row_position_tablet=&raquo;inherit&raquo; row_position_phone=&raquo;inherit&raquo; overflow=&raquo;visible&raquo; pointer_events=&raquo;all&raquo; class=&raquo;hero-ansatte&raquo; css=&raquo;.vc_custom_1608289813668{background-color: #ffffff !important;}&raquo;][vc_column_inner column_padding=&raquo;no-extra-padding&raquo; column_padding_tablet=&raquo;inherit&raquo; column_padding_phone=&raquo;inherit&raquo; column_padding_position=&raquo;all&raquo; flex_gap_desktop=&raquo;10px&raquo; column_element_direction_desktop=&raquo;default&raquo; column_element_spacing=&raquo;default&raquo; desktop_text_alignment=&raquo;default&raquo; tablet_text_alignment=&raquo;default&raquo; phone_text_alignment=&raquo;default&raquo; background_color_opacity=&raquo;1&#8243; background_hover_color_opacity=&raquo;1&#8243; column_backdrop_filter=&raquo;none&raquo; column_shadow=&raquo;none&raquo; column_border_radius=&raquo;none&raquo; column_link_target=&raquo;_self&raquo; overflow=&raquo;visible&raquo; gradient_direction=&raquo;left_to_right&raquo; overlay_strength=&raquo;0.3&#8243; width=&raquo;1\/4&#8243; tablet_width_inherit=&raquo;default&raquo; animation_type=&raquo;default&raquo; bg_image_animation=&raquo;none&raquo; border_type=&raquo;simple&raquo; column_border_width=&raquo;none&raquo; column_border_style=&raquo;solid&raquo;][image_with_animation image_url=&raquo;4130&#8243; image_size=&raquo;regular&raquo; max_width=&raquo;100%&raquo; max_width_mobile=&raquo;default&raquo; animation_type=&raquo;entrance&raquo; animation=&raquo;None&raquo; animation_movement_type=&raquo;transform_y&raquo; hover_animation=&raquo;none&raquo; alignment=&raquo;&raquo; border_radius=&raquo;none&raquo; box_shadow=&raquo;none&raquo; image_loading=&raquo;lazy-load&raquo; el_class=&raquo;profileImage&raquo;][vc_column_text css=&raquo;&raquo; el_class=&raquo;kontaktinfo-desktop&raquo; text_direction=&raquo;default&raquo;]\n<h3><strong>Kontakt<\/strong><\/h3>\n<i class=\"icon-default-style fa fa-envelope-o extra-color-1\"><\/i> <a href=\"mailto:mads.rydholt@akselera.com\">Send e-mail<\/a><br \/><i class=\"icon-default-style fa fa-linkedin extra-color-1\"><\/i> <a href=\"https:\/\/www.linkedin.com\/in\/rydholt\/\" target=\"_blank\" rel=\"noopener\">Mads Tefre Rydholt<\/a><br \/><i class=\"icon-default-style fa fa-phone extra-color-1\"><\/i> <a href=\"tel:+47%20900%2094%20942\">+47 900 94 942<\/a>[\/vc_column_text][\/vc_column_inner][vc_column_inner column_padding=&raquo;no-extra-padding&raquo; column_padding_tablet=&raquo;inherit&raquo; column_padding_phone=&raquo;inherit&raquo; column_padding_position=&raquo;all&raquo; flex_gap_desktop=&raquo;10px&raquo; column_element_direction_desktop=&raquo;default&raquo; column_element_spacing=&raquo;default&raquo; desktop_text_alignment=&raquo;default&raquo; tablet_text_alignment=&raquo;default&raquo; phone_text_alignment=&raquo;default&raquo; background_color_opacity=&raquo;1&#8243; background_hover_color_opacity=&raquo;1&#8243; column_backdrop_filter=&raquo;none&raquo; column_shadow=&raquo;none&raquo; column_border_radius=&raquo;none&raquo; column_link_target=&raquo;_self&raquo; overflow=&raquo;visible&raquo; gradient_direction=&raquo;left_to_right&raquo; overlay_strength=&raquo;0.3&#8243; width=&raquo;3\/4&#8243; tablet_width_inherit=&raquo;default&raquo; animation_type=&raquo;default&raquo; bg_image_animation=&raquo;none&raquo; border_type=&raquo;simple&raquo; column_border_width=&raquo;none&raquo; column_border_style=&raquo;solid&raquo;][vc_column_text css=&raquo;&raquo; el_class=&raquo;txt-job-title&raquo; text_direction=&raquo;default&raquo;]\n<h2>Mads Tefre Rydholt<\/h2>\n<p>Talent Acquisition Manager (Rekruttering, HR og employer branding.)[\/vc_column_text][divider line_type=&raquo;Small Line&raquo; line_alignment=&raquo;default&raquo; line_thickness=&raquo;4&#8243; divider_color=&raquo;extra-color-1&#8243; animate=&raquo;yes&raquo; custom_line_width=&raquo;183&#8243;][vc_column_text css=&raquo;&raquo; text_direction=&raquo;default&raquo;]\n<h3>Erfaring<\/h3>\n<p>Mads leder v\u00e5rt arbeid innen rekruttering, employer branding og talent management, med m\u00e5l om \u00e5 tiltrekke og beholde erfarne seniorkonsulenter med faglig spisskompetanse innen forretningstransformasjon, r\u00e5dgivning, implementering og forbedring.<\/p>\n<p>Mads har over 15 \u00e5rs erfaring innen rekruttering og HR, med bakgrunn fra b\u00e5de store konsern og mindre konsulentselskaper. Jeg har ledet internasjonale rekrutteringsteam, levert executive search\u2011tjenester samt HR\u2011 og workforce\u2011l\u00f8sninger i Norden. <br \/>I tillegg har han hatt lederroller innen salg, HR, drift og som daglig leder. Mads har bred bransjeerfaring som spenner fra konsulent\u2011 og teknologimilj\u00f8er til energi, industri, varehandel og profesjonelle tjenester.  <\/p>\n<h3>Utdanning<\/h3>\n<p><\/p>\n<ul>\n<li>Cand.mag. \/ Bachelorgrad i statsvitenskap, Universitetet i Oslo<\/li>\n<li>Markedsf\u00f8ring, internasjonalisering og ledelse, BI Handelsh\u00f8yskolen<\/li>\n<li>Sertifiseringer innen psykometriske tester og evnetester (BAQ, MDQ, A\u2011RAT, V\u2011RAT, N\u2011RAT), Hudson Global Resources<\/li>\n<li>Sertifiseringer innen vurderings\u2011 og personlighetstester (MPA, ACE), Master Management Norway<\/li>\n<li>Situasjonsbestemt ledelse og lederutviklingskurs, Eniro Management Program<\/li>\n<\/ul>\n<p>\n[\/vc_column_text][\/vc_column_inner][\/vc_row_inner][\/vc_column][\/vc_row]\n","protected":false},"excerpt":{"rendered":"<p>[vc_row type=&raquo;full_width_background&raquo; full_screen_row_position=&raquo;middle&raquo; column_margin=&raquo;default&raquo; column_direction=&raquo;default&raquo; column_direction_tablet=&raquo;default&raquo; column_direction_phone=&raquo;default&raquo; bg_image=&raquo;63&#8243; bg_image_type=&raquo;default&raquo; bg_position=&raquo;center bottom&raquo; background_image_loading=&raquo;default&raquo; bg_repeat=&raquo;no-repeat&raquo; scene_position=&raquo;center&raquo; top_padding=&raquo;9%&raquo; constrain_group_1=&raquo;yes&raquo; bottom_padding=&raquo;9%&raquo; top_padding_phone=&raquo;20%&raquo; bottom_padding_phone=&raquo;20%&raquo; text_color=&raquo;dark&raquo; text_align=&raquo;left&raquo; row_border_radius=&raquo;none&raquo; row_border_radius_applies=&raquo;bg&raquo; row_position_desktop=&raquo;default&raquo; row_position_tablet=&raquo;inherit&raquo; row_position_phone=&raquo;inherit&raquo; overflow=&raquo;visible&raquo; color_overlay=&raquo;#2c4e68&#8243; overlay_strength=&raquo;0.5&#8243; gradient_direction=&raquo;left_to_right&raquo;&#8230;<\/p>\n","protected":false},"author":4,"featured_media":0,"parent":2717,"menu_order":0,"comment_status":"closed","ping_status":"closed","template":"","meta":{"inline_featured_image":false,"footnotes":""},"class_list":["post-3730","page","type-page","status-publish"],"yoast_head":"<!-- This site is optimized with the Yoast SEO plugin v27.2 - https:\/\/yoast.com\/product\/yoast-seo-wordpress\/ -->\n<title>Mads Tefre Rydholt - Akselera<\/title>\n<meta name=\"description\" content=\"Strategic Talent Acquisition, Employer Branding &amp; Candidate Experience, Talent Management &amp; Retention, HR processes and Management\" \/>\n<meta name=\"robots\" content=\"index, follow, max-snippet:-1, max-image-preview:large, max-video-preview:-1\" \/>\n<link rel=\"canonical\" href=\"https:\/\/www.akselera.com\/our-people\/mads-rydholt\/\" \/>\n<meta property=\"og:locale\" content=\"nb_NO\" \/>\n<meta property=\"og:type\" content=\"article\" \/>\n<meta property=\"og:title\" content=\"Mads Tefre Rydholt - Akselera\" \/>\n<meta property=\"og:description\" content=\"Strategic Talent Acquisition, Employer Branding &amp; Candidate Experience, Talent Management &amp; Retention, HR processes and Management\" \/>\n<meta property=\"og:url\" content=\"https:\/\/www.akselera.com\/our-people\/mads-rydholt\/\" \/>\n<meta property=\"og:site_name\" content=\"Akselera\" \/>\n<meta property=\"article:modified_time\" content=\"2026-03-11T10:03:05+00:00\" \/>\n<meta property=\"og:image\" content=\"https:\/\/www.akselera.com\/wp-content\/uploads\/2020\/12\/Akselera-paralax-1200x630-1.jpg\" \/>\n\t<meta property=\"og:image:width\" content=\"1200\" \/>\n\t<meta property=\"og:image:height\" content=\"630\" \/>\n\t<meta property=\"og:image:type\" content=\"image\/jpeg\" \/>\n<script type=\"application\/ld+json\" class=\"yoast-schema-graph\">{\"@context\":\"https:\/\/schema.org\",\"@graph\":[{\"@type\":\"WebPage\",\"@id\":\"https:\/\/www.akselera.com\/our-people\/mads-rydholt\/\",\"url\":\"https:\/\/www.akselera.com\/our-people\/mads-rydholt\/\",\"name\":\"Mads Tefre Rydholt - Akselera\",\"isPartOf\":{\"@id\":\"https:\/\/www.akselera.com\/#website\"},\"datePublished\":\"2025-09-02T12:16:50+00:00\",\"dateModified\":\"2026-03-11T10:03:05+00:00\",\"description\":\"Strategic Talent Acquisition, Employer Branding & Candidate Experience, Talent Management & Retention, HR processes and Management\",\"breadcrumb\":{\"@id\":\"https:\/\/www.akselera.com\/our-people\/mads-rydholt\/#breadcrumb\"},\"inLanguage\":\"nb-NO\",\"potentialAction\":[{\"@type\":\"ReadAction\",\"target\":[\"https:\/\/www.akselera.com\/our-people\/mads-rydholt\/\"]}]},{\"@type\":\"BreadcrumbList\",\"@id\":\"https:\/\/www.akselera.com\/our-people\/mads-rydholt\/#breadcrumb\",\"itemListElement\":[{\"@type\":\"ListItem\",\"position\":1,\"name\":\"Hjem\",\"item\":\"https:\/\/www.akselera.com\/\"},{\"@type\":\"ListItem\",\"position\":2,\"name\":\"V\u00e5re ansatte\",\"item\":\"https:\/\/www.akselera.com\/our-people\/\"},{\"@type\":\"ListItem\",\"position\":3,\"name\":\"Mads Tefre Rydholt\"}]},{\"@type\":\"WebSite\",\"@id\":\"https:\/\/www.akselera.com\/#website\",\"url\":\"https:\/\/www.akselera.com\/\",\"name\":\"Akselera\",\"description\":\"Value through experience\",\"publisher\":{\"@id\":\"https:\/\/www.akselera.com\/#organization\"},\"potentialAction\":[{\"@type\":\"SearchAction\",\"target\":{\"@type\":\"EntryPoint\",\"urlTemplate\":\"https:\/\/www.akselera.com\/?s={search_term_string}\"},\"query-input\":{\"@type\":\"PropertyValueSpecification\",\"valueRequired\":true,\"valueName\":\"search_term_string\"}}],\"inLanguage\":\"nb-NO\"},{\"@type\":\"Organization\",\"@id\":\"https:\/\/www.akselera.com\/#organization\",\"name\":\"Akselera\",\"url\":\"https:\/\/www.akselera.com\/\",\"logo\":{\"@type\":\"ImageObject\",\"inLanguage\":\"nb-NO\",\"@id\":\"https:\/\/www.akselera.com\/#\/schema\/logo\/image\/\",\"url\":\"https:\/\/www.akselera.com\/wp-content\/uploads\/2020\/12\/Akselera-Favicon-010.png\",\"contentUrl\":\"https:\/\/www.akselera.com\/wp-content\/uploads\/2020\/12\/Akselera-Favicon-010.png\",\"width\":114,\"height\":104,\"caption\":\"Akselera\"},\"image\":{\"@id\":\"https:\/\/www.akselera.com\/#\/schema\/logo\/image\/\"},\"sameAs\":[\"https:\/\/www.linkedin.com\/company\/akselera\/\"]}]}<\/script>\n<!-- \/ Yoast SEO plugin. -->","yoast_head_json":{"title":"Mads Tefre Rydholt - Akselera","description":"Strategic Talent Acquisition, Employer Branding & Candidate Experience, Talent Management & Retention, HR processes and Management","robots":{"index":"index","follow":"follow","max-snippet":"max-snippet:-1","max-image-preview":"max-image-preview:large","max-video-preview":"max-video-preview:-1"},"canonical":"https:\/\/www.akselera.com\/our-people\/mads-rydholt\/","og_locale":"nb_NO","og_type":"article","og_title":"Mads Tefre Rydholt - Akselera","og_description":"Strategic Talent Acquisition, Employer Branding & Candidate Experience, Talent Management & Retention, HR processes and Management","og_url":"https:\/\/www.akselera.com\/our-people\/mads-rydholt\/","og_site_name":"Akselera","article_modified_time":"2026-03-11T10:03:05+00:00","og_image":[{"width":1200,"height":630,"url":"https:\/\/www.akselera.com\/wp-content\/uploads\/2020\/12\/Akselera-paralax-1200x630-1.jpg","type":"image\/jpeg"}],"schema":{"@context":"https:\/\/schema.org","@graph":[{"@type":"WebPage","@id":"https:\/\/www.akselera.com\/our-people\/mads-rydholt\/","url":"https:\/\/www.akselera.com\/our-people\/mads-rydholt\/","name":"Mads Tefre Rydholt - Akselera","isPartOf":{"@id":"https:\/\/www.akselera.com\/#website"},"datePublished":"2025-09-02T12:16:50+00:00","dateModified":"2026-03-11T10:03:05+00:00","description":"Strategic Talent Acquisition, Employer Branding & Candidate Experience, Talent Management & Retention, HR processes and Management","breadcrumb":{"@id":"https:\/\/www.akselera.com\/our-people\/mads-rydholt\/#breadcrumb"},"inLanguage":"nb-NO","potentialAction":[{"@type":"ReadAction","target":["https:\/\/www.akselera.com\/our-people\/mads-rydholt\/"]}]},{"@type":"BreadcrumbList","@id":"https:\/\/www.akselera.com\/our-people\/mads-rydholt\/#breadcrumb","itemListElement":[{"@type":"ListItem","position":1,"name":"Hjem","item":"https:\/\/www.akselera.com\/"},{"@type":"ListItem","position":2,"name":"V\u00e5re ansatte","item":"https:\/\/www.akselera.com\/our-people\/"},{"@type":"ListItem","position":3,"name":"Mads Tefre Rydholt"}]},{"@type":"WebSite","@id":"https:\/\/www.akselera.com\/#website","url":"https:\/\/www.akselera.com\/","name":"Akselera","description":"Value through experience","publisher":{"@id":"https:\/\/www.akselera.com\/#organization"},"potentialAction":[{"@type":"SearchAction","target":{"@type":"EntryPoint","urlTemplate":"https:\/\/www.akselera.com\/?s={search_term_string}"},"query-input":{"@type":"PropertyValueSpecification","valueRequired":true,"valueName":"search_term_string"}}],"inLanguage":"nb-NO"},{"@type":"Organization","@id":"https:\/\/www.akselera.com\/#organization","name":"Akselera","url":"https:\/\/www.akselera.com\/","logo":{"@type":"ImageObject","inLanguage":"nb-NO","@id":"https:\/\/www.akselera.com\/#\/schema\/logo\/image\/","url":"https:\/\/www.akselera.com\/wp-content\/uploads\/2020\/12\/Akselera-Favicon-010.png","contentUrl":"https:\/\/www.akselera.com\/wp-content\/uploads\/2020\/12\/Akselera-Favicon-010.png","width":114,"height":104,"caption":"Akselera"},"image":{"@id":"https:\/\/www.akselera.com\/#\/schema\/logo\/image\/"},"sameAs":["https:\/\/www.linkedin.com\/company\/akselera\/"]}]}},"_links":{"self":[{"href":"https:\/\/www.akselera.com\/no\/wp-json\/wp\/v2\/pages\/3730","targetHints":{"allow":["GET"]}}],"collection":[{"href":"https:\/\/www.akselera.com\/no\/wp-json\/wp\/v2\/pages"}],"about":[{"href":"https:\/\/www.akselera.com\/no\/wp-json\/wp\/v2\/types\/page"}],"author":[{"embeddable":true,"href":"https:\/\/www.akselera.com\/no\/wp-json\/wp\/v2\/users\/4"}],"replies":[{"embeddable":true,"href":"https:\/\/www.akselera.com\/no\/wp-json\/wp\/v2\/comments?post=3730"}],"version-history":[{"count":0,"href":"https:\/\/www.akselera.com\/no\/wp-json\/wp\/v2\/pages\/3730\/revisions"}],"up":[{"embeddable":true,"href":"https:\/\/www.akselera.com\/no\/wp-json\/wp\/v2\/pages\/2717"}],"wp:attachment":[{"href":"https:\/\/www.akselera.com\/no\/wp-json\/wp\/v2\/media?parent=3730"}],"curies":[{"name":"wp","href":"https:\/\/api.w.org\/{rel}","templated":true}]}}