{"id":3483,"date":"2024-03-22T14:52:04","date_gmt":"2024-03-22T13:52:04","guid":{"rendered":"https:\/\/www.akselera.com\/?page_id=3483"},"modified":"2026-03-11T11:49:37","modified_gmt":"2026-03-11T10:49:37","slug":"sanne-kristin-sand-holm","status":"publish","type":"page","link":"https:\/\/www.akselera.com\/no\/vare-ansatte\/sanne-kristin-sand-holm\/","title":{"rendered":"Sanne Kristin Sand-Holm"},"content":{"rendered":"[vc_row type=&raquo;full_width_background&raquo; full_screen_row_position=&raquo;middle&raquo; column_margin=&raquo;default&raquo; column_direction=&raquo;default&raquo; column_direction_tablet=&raquo;default&raquo; column_direction_phone=&raquo;default&raquo; bg_image=&raquo;63&#8243; bg_image_type=&raquo;default&raquo; bg_position=&raquo;center bottom&raquo; background_image_loading=&raquo;default&raquo; bg_repeat=&raquo;no-repeat&raquo; scene_position=&raquo;center&raquo; top_padding=&raquo;9%&raquo; constrain_group_1=&raquo;yes&raquo; bottom_padding=&raquo;9%&raquo; top_padding_phone=&raquo;20%&raquo; bottom_padding_phone=&raquo;20%&raquo; text_color=&raquo;dark&raquo; text_align=&raquo;left&raquo; row_border_radius=&raquo;none&raquo; row_border_radius_applies=&raquo;bg&raquo; row_position_desktop=&raquo;default&raquo; row_position_tablet=&raquo;inherit&raquo; row_position_phone=&raquo;inherit&raquo; overflow=&raquo;visible&raquo; color_overlay=&raquo;#2c4e68&#8243; overlay_strength=&raquo;0.5&#8243; gradient_direction=&raquo;left_to_right&raquo; shape_divider_position=&raquo;bottom&raquo; bg_image_animation=&raquo;none&raquo; shape_type=&raquo;&raquo;][vc_column column_padding=&raquo;no-extra-padding&raquo; column_padding_tablet=&raquo;inherit&raquo; column_padding_phone=&raquo;inherit&raquo; column_padding_position=&raquo;all&raquo; flex_gap_desktop=&raquo;10px&raquo; column_element_direction_desktop=&raquo;default&raquo; column_element_spacing=&raquo;default&raquo; desktop_text_alignment=&raquo;default&raquo; tablet_text_alignment=&raquo;default&raquo; phone_text_alignment=&raquo;default&raquo; background_color_opacity=&raquo;1&#8243; background_hover_color_opacity=&raquo;1&#8243; column_backdrop_filter=&raquo;none&raquo; column_shadow=&raquo;none&raquo; column_border_radius=&raquo;none&raquo; column_link_target=&raquo;_self&raquo; column_position=&raquo;default&raquo; gradient_direction=&raquo;left_to_right&raquo; overlay_strength=&raquo;0.3&#8243; width=&raquo;1\/1&#8243; tablet_width_inherit=&raquo;default&raquo; animation_type=&raquo;default&raquo; bg_image_animation=&raquo;none&raquo; border_type=&raquo;simple&raquo; column_border_width=&raquo;none&raquo; column_border_style=&raquo;solid&raquo;][\/vc_column][\/vc_row][vc_row type=&raquo;in_container&raquo; full_screen_row_position=&raquo;middle&raquo; column_margin=&raquo;default&raquo; column_direction=&raquo;default&raquo; column_direction_tablet=&raquo;default&raquo; column_direction_phone=&raquo;default&raquo; scene_position=&raquo;center&raquo; top_padding_phone=&raquo;75&#8243; text_color=&raquo;custom&raquo; custom_text_color=&raquo;#2C4E68&#8243; text_align=&raquo;left&raquo; row_border_radius=&raquo;none&raquo; row_border_radius_applies=&raquo;bg&raquo; row_position_desktop=&raquo;default&raquo; row_position_tablet=&raquo;inherit&raquo; row_position_phone=&raquo;inherit&raquo; overflow=&raquo;visible&raquo; class=&raquo;section-info-ansatte&raquo; overlay_strength=&raquo;0.3&#8243; gradient_direction=&raquo;left_to_right&raquo; shape_divider_position=&raquo;bottom&raquo; bg_image_animation=&raquo;none&raquo; shape_type=&raquo;&raquo; gradient_type=&raquo;default&raquo;][vc_column column_padding=&raquo;no-extra-padding&raquo; column_padding_tablet=&raquo;inherit&raquo; column_padding_phone=&raquo;inherit&raquo; column_padding_position=&raquo;all&raquo; top_margin_phone=&raquo;-50&#8243; flex_gap_desktop=&raquo;10px&raquo; column_element_direction_desktop=&raquo;default&raquo; column_element_spacing=&raquo;default&raquo; desktop_text_alignment=&raquo;default&raquo; tablet_text_alignment=&raquo;default&raquo; phone_text_alignment=&raquo;default&raquo; background_color_opacity=&raquo;1&#8243; background_hover_color_opacity=&raquo;1&#8243; column_backdrop_filter=&raquo;none&raquo; column_shadow=&raquo;none&raquo; column_border_radius=&raquo;none&raquo; column_link_target=&raquo;_self&raquo; column_position=&raquo;default&raquo; gradient_direction=&raquo;left_to_right&raquo; overlay_strength=&raquo;0.3&#8243; width=&raquo;1\/1&#8243; tablet_width_inherit=&raquo;default&raquo; animation_type=&raquo;default&raquo; bg_image_animation=&raquo;none&raquo; border_type=&raquo;simple&raquo; column_border_width=&raquo;none&raquo; column_border_style=&raquo;solid&raquo;][vc_row_inner column_margin=&raquo;40px&raquo; column_direction=&raquo;default&raquo; column_direction_tablet=&raquo;default&raquo; column_direction_phone=&raquo;default&raquo; top_padding=&raquo;70&#8243; left_padding_desktop=&raquo;70&#8243; constrain_group_2=&raquo;yes&raquo; right_padding_desktop=&raquo;70&#8243; top_padding_phone=&raquo;0&#8243; left_padding_phone=&raquo;0&#8243; right_padding_phone=&raquo;0&#8243; translate_y=&raquo;-100px&raquo; text_align=&raquo;left&raquo; row_position=&raquo;default&raquo; row_position_tablet=&raquo;inherit&raquo; row_position_phone=&raquo;inherit&raquo; overflow=&raquo;visible&raquo; pointer_events=&raquo;all&raquo; class=&raquo;hero-ansatte&raquo; css=&raquo;.vc_custom_1608289813668{background-color: #ffffff !important;}&raquo;][vc_column_inner column_padding=&raquo;no-extra-padding&raquo; column_padding_tablet=&raquo;inherit&raquo; column_padding_phone=&raquo;inherit&raquo; column_padding_position=&raquo;all&raquo; flex_gap_desktop=&raquo;10px&raquo; column_element_direction_desktop=&raquo;default&raquo; column_element_spacing=&raquo;default&raquo; desktop_text_alignment=&raquo;default&raquo; tablet_text_alignment=&raquo;default&raquo; phone_text_alignment=&raquo;default&raquo; background_color_opacity=&raquo;1&#8243; background_hover_color_opacity=&raquo;1&#8243; column_backdrop_filter=&raquo;none&raquo; column_shadow=&raquo;none&raquo; column_border_radius=&raquo;none&raquo; column_link_target=&raquo;_self&raquo; overflow=&raquo;visible&raquo; gradient_direction=&raquo;left_to_right&raquo; overlay_strength=&raquo;0.3&#8243; width=&raquo;1\/4&#8243; tablet_width_inherit=&raquo;default&raquo; animation_type=&raquo;default&raquo; bg_image_animation=&raquo;none&raquo; border_type=&raquo;simple&raquo; column_border_width=&raquo;none&raquo; column_border_style=&raquo;solid&raquo;][image_with_animation image_url=&raquo;3479&#8243; image_size=&raquo;full&raquo; max_width=&raquo;100%&raquo; max_width_mobile=&raquo;default&raquo; animation_type=&raquo;entrance&raquo; animation=&raquo;None&raquo; animation_movement_type=&raquo;transform_y&raquo; hover_animation=&raquo;none&raquo; alignment=&raquo;&raquo; border_radius=&raquo;none&raquo; box_shadow=&raquo;none&raquo; image_loading=&raquo;lazy-load&raquo; el_class=&raquo;profileImage&raquo;][vc_column_text css=&raquo;&raquo; el_class=&raquo;kontaktinfo-desktop&raquo; text_direction=&raquo;default&raquo;]\n<h3><strong>Kontakt<\/strong><\/h3>\n<i class=\"icon-default-style fa fa-envelope-o extra-color-1\"><\/i>\u00a0 <a href=\"mailto:sanne.k.sand-holm@akselera.com\">Send e-mail<\/a><br \/><i class=\"icon-default-style fa fa-linkedin extra-color-1\"><\/i>\u00a0 <a href=\"https:\/\/www.linkedin.com\/in\/sks-h\" target=\"_blank\" rel=\"noopener noreferrer\">Sanne Kristin Sand-Holm<\/a><br \/><i class=\"icon-default-style fa fa-phone extra-color-1\"><\/i> +47 922 72 790[\/vc_column_text][\/vc_column_inner][vc_column_inner column_padding=&raquo;no-extra-padding&raquo; column_padding_tablet=&raquo;inherit&raquo; column_padding_phone=&raquo;inherit&raquo; column_padding_position=&raquo;all&raquo; column_element_direction_desktop=&raquo;default&raquo; column_element_spacing=&raquo;default&raquo; desktop_text_alignment=&raquo;default&raquo; tablet_text_alignment=&raquo;default&raquo; phone_text_alignment=&raquo;default&raquo; background_color_opacity=&raquo;1&#8243; background_hover_color_opacity=&raquo;1&#8243; column_backdrop_filter=&raquo;none&raquo; font_color=&raquo;#2C4E68&#8243; column_shadow=&raquo;none&raquo; column_border_radius=&raquo;none&raquo; column_link_target=&raquo;_self&raquo; overflow=&raquo;visible&raquo; gradient_direction=&raquo;left_to_right&raquo; overlay_strength=&raquo;0.3&#8243; width=&raquo;3\/4&#8243; tablet_width_inherit=&raquo;default&raquo; animation_type=&raquo;default&raquo; bg_image_animation=&raquo;none&raquo; border_type=&raquo;simple&raquo; column_border_width=&raquo;none&raquo; column_border_style=&raquo;solid&raquo; column_padding_type=&raquo;default&raquo; content_layout=&raquo;default&raquo; gradient_type=&raquo;default&raquo;][vc_column_text el_class=&raquo;txt-job-title&raquo;]\n<h2>Sanne Kristin Sand-Holm<\/h2>\n<p>Advisor[\/vc_column_text][divider line_type=&raquo;Small Line&raquo; line_alignment=&raquo;default&raquo; line_thickness=&raquo;4&#8243; divider_color=&raquo;extra-color-1&#8243; animate=&raquo;yes&raquo; custom_line_width=&raquo;115&#8243;][vc_column_text css=&raquo;&raquo; text_direction=&raquo;default&raquo;]\n<h3>Erfaring<\/h3>\n<p>Sanne Kristin har en Master of Science-grad i \u00f8konomi og administrasjon fra BI, med spesialisering innen logistikk, operasjonsledelse og SCM. Hun er en erfaren r\u00e5dgiver med spesialisering i prosessoptimalisering og kontinuerlig forbedring. Hennes styrke ligger i evnen til \u00e5 bevare et helhetlig perspektiv, noe som er avgj\u00f8rende for \u00e5 forst\u00e5 det komplekse samspillet mellom prosesser og systemer. Sanne er kjent for \u00e5 fremme et samarbeidsorientert arbeidsmilj\u00f8 og en l\u00f8sningsorientert tiln\u00e6rming, der hun systematisk avdekker forbedringsmuligheter.<\/p>\n<p>Med sin bakgrunn som global prosessleder i Insula AS og forretningskonsulent i Columbus Norge AS har Sanne vist sterk gjennomf\u00f8ringsevne innen Infor, prosessforbedring, standardisering og sikring av konsistente operasjoner p\u00e5 tvers av organisatoriske grenser. Hun utmerker seg s\u00e6rlig innen endringsledelse, hvor hun med stort engasjement anvender sin kompetanse og erfaring for \u00e5 skape reell og varig transformasjon. Sanne kombinerer sin erfaring med et sterkt verdifokus og utvikler l\u00f8sninger som st\u00f8tter virksomhetens overordnede m\u00e5l. Hun har en spesiell interesse for digital transformasjon og utforsker kontinuerlig nye teknologiske l\u00f8sninger for \u00e5 styrke operasjonell effektivitet.<\/p>\n<h3>Utdanning<\/h3>\n<p><\/p>\n<ul>\n<li>Master of Science in Business, Handelsh\u00f8yskolen BI<\/li>\n<li>Bachelor of Business Administration, Handelsh\u00f8yskolen BI<\/li>\n<li>PRINCE2 AGILE Foundation<\/li>\n<\/ul>\n[\/vc_column_text][\/vc_column_inner][\/vc_row_inner][\/vc_column][\/vc_row]\n","protected":false},"excerpt":{"rendered":"<p>[vc_row type=&raquo;full_width_background&raquo; full_screen_row_position=&raquo;middle&raquo; column_margin=&raquo;default&raquo; column_direction=&raquo;default&raquo; column_direction_tablet=&raquo;default&raquo; column_direction_phone=&raquo;default&raquo; bg_image=&raquo;63&#8243; bg_image_type=&raquo;default&raquo; bg_position=&raquo;center bottom&raquo; background_image_loading=&raquo;default&raquo; bg_repeat=&raquo;no-repeat&raquo; scene_position=&raquo;center&raquo; top_padding=&raquo;9%&raquo; constrain_group_1=&raquo;yes&raquo; bottom_padding=&raquo;9%&raquo; top_padding_phone=&raquo;20%&raquo; bottom_padding_phone=&raquo;20%&raquo; text_color=&raquo;dark&raquo; text_align=&raquo;left&raquo; row_border_radius=&raquo;none&raquo; row_border_radius_applies=&raquo;bg&raquo; row_position_desktop=&raquo;default&raquo; row_position_tablet=&raquo;inherit&raquo; row_position_phone=&raquo;inherit&raquo; overflow=&raquo;visible&raquo; color_overlay=&raquo;#2c4e68&#8243; overlay_strength=&raquo;0.5&#8243; gradient_direction=&raquo;left_to_right&raquo;&#8230;<\/p>\n","protected":false},"author":4,"featured_media":0,"parent":2717,"menu_order":0,"comment_status":"closed","ping_status":"closed","template":"","meta":{"inline_featured_image":false,"footnotes":""},"class_list":["post-3483","page","type-page","status-publish"],"yoast_head":"<!-- This site is optimized with the Yoast SEO plugin v27.2 - https:\/\/yoast.com\/product\/yoast-seo-wordpress\/ -->\n<title>Sanne Kristin Sand-Holm - Akselera<\/title>\n<meta name=\"robots\" content=\"index, follow, max-snippet:-1, max-image-preview:large, max-video-preview:-1\" \/>\n<link rel=\"canonical\" href=\"https:\/\/www.akselera.com\/no\/vare-ansatte\/sanne-kristin-sand-holm\/\" \/>\n<meta property=\"og:locale\" content=\"nb_NO\" \/>\n<meta property=\"og:type\" content=\"article\" \/>\n<meta property=\"og:title\" content=\"Sanne Kristin Sand-Holm - Akselera\" \/>\n<meta property=\"og:description\" content=\"[vc_row type=&raquo;full_width_background&raquo; full_screen_row_position=&raquo;middle&raquo; column_margin=&raquo;default&raquo; column_direction=&raquo;default&raquo; column_direction_tablet=&raquo;default&raquo; column_direction_phone=&raquo;default&raquo; bg_image=&raquo;63&#8243; bg_image_type=&raquo;default&raquo; bg_position=&raquo;center bottom&raquo; background_image_loading=&raquo;default&raquo; bg_repeat=&raquo;no-repeat&raquo; scene_position=&raquo;center&raquo; top_padding=&raquo;9%&raquo; constrain_group_1=&raquo;yes&raquo; bottom_padding=&raquo;9%&raquo; top_padding_phone=&raquo;20%&raquo; bottom_padding_phone=&raquo;20%&raquo; text_color=&raquo;dark&raquo; text_align=&raquo;left&raquo; row_border_radius=&raquo;none&raquo; row_border_radius_applies=&raquo;bg&raquo; row_position_desktop=&raquo;default&raquo; row_position_tablet=&raquo;inherit&raquo; row_position_phone=&raquo;inherit&raquo; overflow=&raquo;visible&raquo; color_overlay=&raquo;#2c4e68&#8243; overlay_strength=&raquo;0.5&#8243; gradient_direction=&raquo;left_to_right&raquo;...\" \/>\n<meta property=\"og:url\" content=\"https:\/\/www.akselera.com\/no\/vare-ansatte\/sanne-kristin-sand-holm\/\" \/>\n<meta property=\"og:site_name\" content=\"Akselera\" \/>\n<meta property=\"article:modified_time\" content=\"2026-03-11T10:49:37+00:00\" \/>\n<meta property=\"og:image\" content=\"https:\/\/www.akselera.com\/wp-content\/uploads\/2020\/12\/Akselera-paralax-1200x630-1.jpg\" \/>\n\t<meta property=\"og:image:width\" content=\"1200\" \/>\n\t<meta property=\"og:image:height\" content=\"630\" \/>\n\t<meta property=\"og:image:type\" content=\"image\/jpeg\" \/>\n<script type=\"application\/ld+json\" class=\"yoast-schema-graph\">{\"@context\":\"https:\/\/schema.org\",\"@graph\":[{\"@type\":\"WebPage\",\"@id\":\"https:\/\/www.akselera.com\/no\/vare-ansatte\/sanne-kristin-sand-holm\/\",\"url\":\"https:\/\/www.akselera.com\/no\/vare-ansatte\/sanne-kristin-sand-holm\/\",\"name\":\"Sanne Kristin Sand-Holm - Akselera\",\"isPartOf\":{\"@id\":\"https:\/\/www.akselera.com\/#website\"},\"datePublished\":\"2024-03-22T13:52:04+00:00\",\"dateModified\":\"2026-03-11T10:49:37+00:00\",\"breadcrumb\":{\"@id\":\"https:\/\/www.akselera.com\/no\/vare-ansatte\/sanne-kristin-sand-holm\/#breadcrumb\"},\"inLanguage\":\"nb-NO\",\"potentialAction\":[{\"@type\":\"ReadAction\",\"target\":[\"https:\/\/www.akselera.com\/no\/vare-ansatte\/sanne-kristin-sand-holm\/\"]}]},{\"@type\":\"BreadcrumbList\",\"@id\":\"https:\/\/www.akselera.com\/no\/vare-ansatte\/sanne-kristin-sand-holm\/#breadcrumb\",\"itemListElement\":[{\"@type\":\"ListItem\",\"position\":1,\"name\":\"Hjem\",\"item\":\"https:\/\/www.akselera.com\/\"},{\"@type\":\"ListItem\",\"position\":2,\"name\":\"V\u00e5re ansatte\",\"item\":\"https:\/\/www.akselera.com\/no\/vare-ansatte\/\"},{\"@type\":\"ListItem\",\"position\":3,\"name\":\"Sanne Kristin Sand-Holm\"}]},{\"@type\":\"WebSite\",\"@id\":\"https:\/\/www.akselera.com\/#website\",\"url\":\"https:\/\/www.akselera.com\/\",\"name\":\"Akselera\",\"description\":\"Value through experience\",\"publisher\":{\"@id\":\"https:\/\/www.akselera.com\/#organization\"},\"potentialAction\":[{\"@type\":\"SearchAction\",\"target\":{\"@type\":\"EntryPoint\",\"urlTemplate\":\"https:\/\/www.akselera.com\/?s={search_term_string}\"},\"query-input\":{\"@type\":\"PropertyValueSpecification\",\"valueRequired\":true,\"valueName\":\"search_term_string\"}}],\"inLanguage\":\"nb-NO\"},{\"@type\":\"Organization\",\"@id\":\"https:\/\/www.akselera.com\/#organization\",\"name\":\"Akselera\",\"url\":\"https:\/\/www.akselera.com\/\",\"logo\":{\"@type\":\"ImageObject\",\"inLanguage\":\"nb-NO\",\"@id\":\"https:\/\/www.akselera.com\/#\/schema\/logo\/image\/\",\"url\":\"https:\/\/www.akselera.com\/wp-content\/uploads\/2020\/12\/Akselera-Favicon-010.png\",\"contentUrl\":\"https:\/\/www.akselera.com\/wp-content\/uploads\/2020\/12\/Akselera-Favicon-010.png\",\"width\":114,\"height\":104,\"caption\":\"Akselera\"},\"image\":{\"@id\":\"https:\/\/www.akselera.com\/#\/schema\/logo\/image\/\"},\"sameAs\":[\"https:\/\/www.linkedin.com\/company\/akselera\/\"]}]}<\/script>\n<!-- \/ Yoast SEO plugin. -->","yoast_head_json":{"title":"Sanne Kristin Sand-Holm - Akselera","robots":{"index":"index","follow":"follow","max-snippet":"max-snippet:-1","max-image-preview":"max-image-preview:large","max-video-preview":"max-video-preview:-1"},"canonical":"https:\/\/www.akselera.com\/no\/vare-ansatte\/sanne-kristin-sand-holm\/","og_locale":"nb_NO","og_type":"article","og_title":"Sanne Kristin Sand-Holm - Akselera","og_description":"[vc_row type=&raquo;full_width_background&raquo; full_screen_row_position=&raquo;middle&raquo; column_margin=&raquo;default&raquo; column_direction=&raquo;default&raquo; column_direction_tablet=&raquo;default&raquo; column_direction_phone=&raquo;default&raquo; bg_image=&raquo;63&#8243; bg_image_type=&raquo;default&raquo; bg_position=&raquo;center bottom&raquo; background_image_loading=&raquo;default&raquo; bg_repeat=&raquo;no-repeat&raquo; scene_position=&raquo;center&raquo; top_padding=&raquo;9%&raquo; constrain_group_1=&raquo;yes&raquo; bottom_padding=&raquo;9%&raquo; top_padding_phone=&raquo;20%&raquo; bottom_padding_phone=&raquo;20%&raquo; text_color=&raquo;dark&raquo; text_align=&raquo;left&raquo; row_border_radius=&raquo;none&raquo; row_border_radius_applies=&raquo;bg&raquo; row_position_desktop=&raquo;default&raquo; row_position_tablet=&raquo;inherit&raquo; row_position_phone=&raquo;inherit&raquo; overflow=&raquo;visible&raquo; color_overlay=&raquo;#2c4e68&#8243; overlay_strength=&raquo;0.5&#8243; gradient_direction=&raquo;left_to_right&raquo;...","og_url":"https:\/\/www.akselera.com\/no\/vare-ansatte\/sanne-kristin-sand-holm\/","og_site_name":"Akselera","article_modified_time":"2026-03-11T10:49:37+00:00","og_image":[{"width":1200,"height":630,"url":"https:\/\/www.akselera.com\/wp-content\/uploads\/2020\/12\/Akselera-paralax-1200x630-1.jpg","type":"image\/jpeg"}],"schema":{"@context":"https:\/\/schema.org","@graph":[{"@type":"WebPage","@id":"https:\/\/www.akselera.com\/no\/vare-ansatte\/sanne-kristin-sand-holm\/","url":"https:\/\/www.akselera.com\/no\/vare-ansatte\/sanne-kristin-sand-holm\/","name":"Sanne Kristin Sand-Holm - Akselera","isPartOf":{"@id":"https:\/\/www.akselera.com\/#website"},"datePublished":"2024-03-22T13:52:04+00:00","dateModified":"2026-03-11T10:49:37+00:00","breadcrumb":{"@id":"https:\/\/www.akselera.com\/no\/vare-ansatte\/sanne-kristin-sand-holm\/#breadcrumb"},"inLanguage":"nb-NO","potentialAction":[{"@type":"ReadAction","target":["https:\/\/www.akselera.com\/no\/vare-ansatte\/sanne-kristin-sand-holm\/"]}]},{"@type":"BreadcrumbList","@id":"https:\/\/www.akselera.com\/no\/vare-ansatte\/sanne-kristin-sand-holm\/#breadcrumb","itemListElement":[{"@type":"ListItem","position":1,"name":"Hjem","item":"https:\/\/www.akselera.com\/"},{"@type":"ListItem","position":2,"name":"V\u00e5re ansatte","item":"https:\/\/www.akselera.com\/no\/vare-ansatte\/"},{"@type":"ListItem","position":3,"name":"Sanne Kristin Sand-Holm"}]},{"@type":"WebSite","@id":"https:\/\/www.akselera.com\/#website","url":"https:\/\/www.akselera.com\/","name":"Akselera","description":"Value through experience","publisher":{"@id":"https:\/\/www.akselera.com\/#organization"},"potentialAction":[{"@type":"SearchAction","target":{"@type":"EntryPoint","urlTemplate":"https:\/\/www.akselera.com\/?s={search_term_string}"},"query-input":{"@type":"PropertyValueSpecification","valueRequired":true,"valueName":"search_term_string"}}],"inLanguage":"nb-NO"},{"@type":"Organization","@id":"https:\/\/www.akselera.com\/#organization","name":"Akselera","url":"https:\/\/www.akselera.com\/","logo":{"@type":"ImageObject","inLanguage":"nb-NO","@id":"https:\/\/www.akselera.com\/#\/schema\/logo\/image\/","url":"https:\/\/www.akselera.com\/wp-content\/uploads\/2020\/12\/Akselera-Favicon-010.png","contentUrl":"https:\/\/www.akselera.com\/wp-content\/uploads\/2020\/12\/Akselera-Favicon-010.png","width":114,"height":104,"caption":"Akselera"},"image":{"@id":"https:\/\/www.akselera.com\/#\/schema\/logo\/image\/"},"sameAs":["https:\/\/www.linkedin.com\/company\/akselera\/"]}]}},"_links":{"self":[{"href":"https:\/\/www.akselera.com\/no\/wp-json\/wp\/v2\/pages\/3483","targetHints":{"allow":["GET"]}}],"collection":[{"href":"https:\/\/www.akselera.com\/no\/wp-json\/wp\/v2\/pages"}],"about":[{"href":"https:\/\/www.akselera.com\/no\/wp-json\/wp\/v2\/types\/page"}],"author":[{"embeddable":true,"href":"https:\/\/www.akselera.com\/no\/wp-json\/wp\/v2\/users\/4"}],"replies":[{"embeddable":true,"href":"https:\/\/www.akselera.com\/no\/wp-json\/wp\/v2\/comments?post=3483"}],"version-history":[{"count":0,"href":"https:\/\/www.akselera.com\/no\/wp-json\/wp\/v2\/pages\/3483\/revisions"}],"up":[{"embeddable":true,"href":"https:\/\/www.akselera.com\/no\/wp-json\/wp\/v2\/pages\/2717"}],"wp:attachment":[{"href":"https:\/\/www.akselera.com\/no\/wp-json\/wp\/v2\/media?parent=3483"}],"curies":[{"name":"wp","href":"https:\/\/api.w.org\/{rel}","templated":true}]}}