{"id":2629,"date":"2022-05-12T15:06:04","date_gmt":"2022-05-12T13:06:04","guid":{"rendered":"https:\/\/www.akselera.com\/?page_id=2629"},"modified":"2026-03-11T10:53:17","modified_gmt":"2026-03-11T09:53:17","slug":"kjetil-helgesen","status":"publish","type":"page","link":"https:\/\/www.akselera.com\/no\/vare-ansatte\/kjetil-helgesen\/","title":{"rendered":"Kjetil Helgesen"},"content":{"rendered":"[vc_row type=&raquo;full_width_background&raquo; full_screen_row_position=&raquo;middle&raquo; column_margin=&raquo;default&raquo; column_direction=&raquo;default&raquo; column_direction_tablet=&raquo;default&raquo; column_direction_phone=&raquo;default&raquo; bg_image=&raquo;63&#8243; bg_image_type=&raquo;default&raquo; bg_position=&raquo;center bottom&raquo; background_image_loading=&raquo;default&raquo; bg_repeat=&raquo;no-repeat&raquo; scene_position=&raquo;center&raquo; top_padding=&raquo;9%&raquo; constrain_group_1=&raquo;yes&raquo; bottom_padding=&raquo;9%&raquo; top_padding_phone=&raquo;20%&raquo; bottom_padding_phone=&raquo;20%&raquo; text_color=&raquo;dark&raquo; text_align=&raquo;left&raquo; row_border_radius=&raquo;none&raquo; row_border_radius_applies=&raquo;bg&raquo; row_position_desktop=&raquo;default&raquo; row_position_tablet=&raquo;inherit&raquo; row_position_phone=&raquo;inherit&raquo; overflow=&raquo;visible&raquo; color_overlay=&raquo;#2c4e68&#8243; overlay_strength=&raquo;0.5&#8243; gradient_direction=&raquo;left_to_right&raquo; shape_divider_position=&raquo;bottom&raquo; bg_image_animation=&raquo;none&raquo; shape_type=&raquo;&raquo;][vc_column column_padding=&raquo;no-extra-padding&raquo; column_padding_tablet=&raquo;inherit&raquo; column_padding_phone=&raquo;inherit&raquo; column_padding_position=&raquo;all&raquo; flex_gap_desktop=&raquo;10px&raquo; column_element_direction_desktop=&raquo;default&raquo; column_element_spacing=&raquo;default&raquo; desktop_text_alignment=&raquo;default&raquo; tablet_text_alignment=&raquo;default&raquo; phone_text_alignment=&raquo;default&raquo; background_color_opacity=&raquo;1&#8243; background_hover_color_opacity=&raquo;1&#8243; column_backdrop_filter=&raquo;none&raquo; column_shadow=&raquo;none&raquo; column_border_radius=&raquo;none&raquo; column_link_target=&raquo;_self&raquo; column_position=&raquo;default&raquo; gradient_direction=&raquo;left_to_right&raquo; overlay_strength=&raquo;0.3&#8243; width=&raquo;1\/1&#8243; tablet_width_inherit=&raquo;default&raquo; animation_type=&raquo;default&raquo; bg_image_animation=&raquo;none&raquo; border_type=&raquo;simple&raquo; column_border_width=&raquo;none&raquo; column_border_style=&raquo;solid&raquo;][\/vc_column][\/vc_row][vc_row type=&raquo;in_container&raquo; full_screen_row_position=&raquo;middle&raquo; column_margin=&raquo;default&raquo; column_direction=&raquo;default&raquo; column_direction_tablet=&raquo;default&raquo; column_direction_phone=&raquo;default&raquo; scene_position=&raquo;center&raquo; top_padding_phone=&raquo;75&#8243; text_color=&raquo;dark&raquo; text_align=&raquo;left&raquo; row_border_radius=&raquo;none&raquo; row_border_radius_applies=&raquo;bg&raquo; row_position_desktop=&raquo;default&raquo; row_position_tablet=&raquo;inherit&raquo; row_position_phone=&raquo;inherit&raquo; overflow=&raquo;visible&raquo; class=&raquo;section-info-ansatte&raquo; overlay_strength=&raquo;0.3&#8243; gradient_direction=&raquo;left_to_right&raquo; shape_divider_position=&raquo;bottom&raquo; bg_image_animation=&raquo;none&raquo; shape_type=&raquo;&raquo;][vc_column column_padding=&raquo;no-extra-padding&raquo; column_padding_tablet=&raquo;inherit&raquo; column_padding_phone=&raquo;inherit&raquo; column_padding_position=&raquo;all&raquo; top_margin_phone=&raquo;-50&#8243; flex_gap_desktop=&raquo;10px&raquo; column_element_direction_desktop=&raquo;default&raquo; column_element_spacing=&raquo;default&raquo; desktop_text_alignment=&raquo;default&raquo; tablet_text_alignment=&raquo;default&raquo; phone_text_alignment=&raquo;default&raquo; background_color_opacity=&raquo;1&#8243; background_hover_color_opacity=&raquo;1&#8243; column_backdrop_filter=&raquo;none&raquo; column_shadow=&raquo;none&raquo; column_border_radius=&raquo;none&raquo; column_link_target=&raquo;_self&raquo; column_position=&raquo;default&raquo; gradient_direction=&raquo;left_to_right&raquo; overlay_strength=&raquo;0.3&#8243; width=&raquo;1\/1&#8243; tablet_width_inherit=&raquo;default&raquo; animation_type=&raquo;default&raquo; bg_image_animation=&raquo;none&raquo; border_type=&raquo;simple&raquo; column_border_width=&raquo;none&raquo; column_border_style=&raquo;solid&raquo;][vc_row_inner column_margin=&raquo;40px&raquo; column_direction=&raquo;default&raquo; column_direction_tablet=&raquo;default&raquo; column_direction_phone=&raquo;default&raquo; top_padding=&raquo;70&#8243; left_padding_desktop=&raquo;70&#8243; constrain_group_2=&raquo;yes&raquo; right_padding_desktop=&raquo;70&#8243; top_padding_phone=&raquo;0&#8243; left_padding_phone=&raquo;0&#8243; right_padding_phone=&raquo;0&#8243; translate_y=&raquo;-100px&raquo; text_align=&raquo;left&raquo; row_position=&raquo;default&raquo; row_position_tablet=&raquo;inherit&raquo; row_position_phone=&raquo;inherit&raquo; overflow=&raquo;visible&raquo; pointer_events=&raquo;all&raquo; class=&raquo;hero-ansatte&raquo; css=&raquo;.vc_custom_1608289813668{background-color: #ffffff !important;}&raquo;][vc_column_inner column_padding=&raquo;no-extra-padding&raquo; column_padding_tablet=&raquo;inherit&raquo; column_padding_phone=&raquo;inherit&raquo; column_padding_position=&raquo;all&raquo; flex_gap_desktop=&raquo;10px&raquo; column_element_direction_desktop=&raquo;default&raquo; column_element_spacing=&raquo;default&raquo; desktop_text_alignment=&raquo;default&raquo; tablet_text_alignment=&raquo;default&raquo; phone_text_alignment=&raquo;default&raquo; background_color_opacity=&raquo;1&#8243; background_hover_color_opacity=&raquo;1&#8243; column_backdrop_filter=&raquo;none&raquo; column_shadow=&raquo;none&raquo; column_border_radius=&raquo;none&raquo; column_link_target=&raquo;_self&raquo; overflow=&raquo;visible&raquo; gradient_direction=&raquo;left_to_right&raquo; overlay_strength=&raquo;0.3&#8243; width=&raquo;1\/4&#8243; tablet_width_inherit=&raquo;default&raquo; animation_type=&raquo;default&raquo; bg_image_animation=&raquo;none&raquo; border_type=&raquo;simple&raquo; column_border_width=&raquo;none&raquo; column_border_style=&raquo;solid&raquo;][image_with_animation image_url=&raquo;2369&#8243; image_size=&raquo;full&raquo; max_width=&raquo;100%&raquo; max_width_mobile=&raquo;default&raquo; animation_type=&raquo;entrance&raquo; animation=&raquo;None&raquo; animation_movement_type=&raquo;transform_y&raquo; hover_animation=&raquo;none&raquo; alignment=&raquo;&raquo; border_radius=&raquo;none&raquo; box_shadow=&raquo;none&raquo; image_loading=&raquo;lazy-load&raquo; el_class=&raquo;profileImage&raquo;][vc_column_text css=&raquo;&raquo; el_class=&raquo;kontaktinfo-desktop&raquo; text_direction=&raquo;default&raquo;]\n<h3><strong>Kontakt<\/strong><\/h3>\n<i class=\"icon-default-style fa fa-envelope-o extra-color-1\"><\/i> <a href=\"mailto:kjetil.helgesen@akselera.com\">Send e-mail<\/a><br \/><i class=\"icon-default-style fa fa-linkedin extra-color-1\"><\/i> <a href=\"https:\/\/www.linkedin.com\/in\/kjetilhelgesen\" target=\"_blank\" rel=\"noopener noreferrer\">Kjetil Helgesen<\/a><br \/><i class=\"icon-default-style fa fa-phone extra-color-1\"><\/i> +47 473 72 340[\/vc_column_text][\/vc_column_inner][vc_column_inner column_padding=&raquo;no-extra-padding&raquo; column_padding_tablet=&raquo;inherit&raquo; column_padding_phone=&raquo;inherit&raquo; column_padding_position=&raquo;all&raquo; flex_gap_desktop=&raquo;10px&raquo; column_element_direction_desktop=&raquo;default&raquo; column_element_spacing=&raquo;default&raquo; desktop_text_alignment=&raquo;default&raquo; tablet_text_alignment=&raquo;default&raquo; phone_text_alignment=&raquo;default&raquo; background_color_opacity=&raquo;1&#8243; background_hover_color_opacity=&raquo;1&#8243; column_backdrop_filter=&raquo;none&raquo; column_shadow=&raquo;none&raquo; column_border_radius=&raquo;none&raquo; column_link_target=&raquo;_self&raquo; overflow=&raquo;visible&raquo; gradient_direction=&raquo;left_to_right&raquo; overlay_strength=&raquo;0.3&#8243; width=&raquo;3\/4&#8243; tablet_width_inherit=&raquo;default&raquo; animation_type=&raquo;default&raquo; bg_image_animation=&raquo;none&raquo; border_type=&raquo;simple&raquo; column_border_width=&raquo;none&raquo; column_border_style=&raquo;solid&raquo;][vc_column_text el_class=&raquo;txt-job-title&raquo;]\n<h2>Kjetil Helgesen<\/h2>\n<p>Executive Advisor[\/vc_column_text][divider line_type=&raquo;Small Line&raquo; line_alignment=&raquo;default&raquo; line_thickness=&raquo;4&#8243; divider_color=&raquo;extra-color-1&#8243; animate=&raquo;yes&raquo; custom_line_width=&raquo;183&#8243;][vc_column_text css=&raquo;&raquo; text_direction=&raquo;default&raquo;]\n<h3>Erfaring<\/h3>\n<p>Kjetil har erfaring innen prosjektledelse, produksjon, integrasjon, arkitektur og prosessforbedringer, samt utvikling og implementering av IT\u2011l\u00f8sninger p\u00e5 tvers av en rekke bransjer. Han har ogs\u00e5 inng\u00e5ende kunnskap om prosesser innen supply chain management.<\/p>\n<p>Han har hovedsakelig arbeidet i prosjekter med fokus p\u00e5 utvikling av forretningsprosesser og implementering av IT\u2011systemer. Kjetil er sv\u00e6rt allsidig og har hatt en rekke ulike prosjektroller, blant annet som teammedlem, teamleder, prosjektleder, testleder og integrasjonsleder.<\/p>\n<h3>Utdanning<\/h3>\n<p><\/p>\n<ul>\n<li>Mastergrad i industri\u2011 og produksjonssystemteknikk, Iowa State University, USA<\/li>\n<li>Prince2<\/li>\n<li>Celonis Data Scientist<\/li>\n<\/ul>\n<p>&nbsp;<br \/>\n[\/vc_column_text][\/vc_column_inner][\/vc_row_inner][\/vc_column][\/vc_row]\n","protected":false},"excerpt":{"rendered":"<p>[vc_row type=&raquo;full_width_background&raquo; full_screen_row_position=&raquo;middle&raquo; column_margin=&raquo;default&raquo; column_direction=&raquo;default&raquo; column_direction_tablet=&raquo;default&raquo; column_direction_phone=&raquo;default&raquo; bg_image=&raquo;63&#8243; bg_image_type=&raquo;default&raquo; bg_position=&raquo;center bottom&raquo; background_image_loading=&raquo;default&raquo; bg_repeat=&raquo;no-repeat&raquo; scene_position=&raquo;center&raquo; top_padding=&raquo;9%&raquo; constrain_group_1=&raquo;yes&raquo; bottom_padding=&raquo;9%&raquo; top_padding_phone=&raquo;20%&raquo; bottom_padding_phone=&raquo;20%&raquo; text_color=&raquo;dark&raquo; text_align=&raquo;left&raquo; row_border_radius=&raquo;none&raquo; row_border_radius_applies=&raquo;bg&raquo; row_position_desktop=&raquo;default&raquo; row_position_tablet=&raquo;inherit&raquo; row_position_phone=&raquo;inherit&raquo; overflow=&raquo;visible&raquo; color_overlay=&raquo;#2c4e68&#8243; overlay_strength=&raquo;0.5&#8243; gradient_direction=&raquo;left_to_right&raquo;&#8230;<\/p>\n","protected":false},"author":4,"featured_media":0,"parent":2717,"menu_order":0,"comment_status":"closed","ping_status":"closed","template":"","meta":{"inline_featured_image":false,"footnotes":""},"class_list":["post-2629","page","type-page","status-publish"],"yoast_head":"<!-- This site is optimized with the Yoast SEO plugin v27.2 - https:\/\/yoast.com\/product\/yoast-seo-wordpress\/ -->\n<title>Kjetil Helgesen - Akselera<\/title>\n<meta name=\"robots\" content=\"index, follow, max-snippet:-1, max-image-preview:large, max-video-preview:-1\" \/>\n<link rel=\"canonical\" href=\"https:\/\/www.akselera.com\/no\/vare-ansatte\/kjetil-helgesen\/\" \/>\n<meta property=\"og:locale\" content=\"nb_NO\" \/>\n<meta property=\"og:type\" content=\"article\" \/>\n<meta property=\"og:title\" content=\"Kjetil Helgesen - Akselera\" \/>\n<meta property=\"og:description\" content=\"[vc_row type=&raquo;full_width_background&raquo; full_screen_row_position=&raquo;middle&raquo; column_margin=&raquo;default&raquo; column_direction=&raquo;default&raquo; column_direction_tablet=&raquo;default&raquo; column_direction_phone=&raquo;default&raquo; bg_image=&raquo;63&#8243; bg_image_type=&raquo;default&raquo; bg_position=&raquo;center bottom&raquo; background_image_loading=&raquo;default&raquo; bg_repeat=&raquo;no-repeat&raquo; scene_position=&raquo;center&raquo; top_padding=&raquo;9%&raquo; constrain_group_1=&raquo;yes&raquo; bottom_padding=&raquo;9%&raquo; top_padding_phone=&raquo;20%&raquo; bottom_padding_phone=&raquo;20%&raquo; text_color=&raquo;dark&raquo; text_align=&raquo;left&raquo; row_border_radius=&raquo;none&raquo; row_border_radius_applies=&raquo;bg&raquo; row_position_desktop=&raquo;default&raquo; row_position_tablet=&raquo;inherit&raquo; row_position_phone=&raquo;inherit&raquo; overflow=&raquo;visible&raquo; color_overlay=&raquo;#2c4e68&#8243; overlay_strength=&raquo;0.5&#8243; gradient_direction=&raquo;left_to_right&raquo;...\" \/>\n<meta property=\"og:url\" content=\"https:\/\/www.akselera.com\/no\/vare-ansatte\/kjetil-helgesen\/\" \/>\n<meta property=\"og:site_name\" content=\"Akselera\" \/>\n<meta property=\"article:modified_time\" content=\"2026-03-11T09:53:17+00:00\" \/>\n<meta property=\"og:image\" content=\"https:\/\/www.akselera.com\/wp-content\/uploads\/2020\/12\/Akselera-paralax-1200x630-1.jpg\" \/>\n\t<meta property=\"og:image:width\" content=\"1200\" \/>\n\t<meta property=\"og:image:height\" content=\"630\" \/>\n\t<meta property=\"og:image:type\" content=\"image\/jpeg\" \/>\n<script type=\"application\/ld+json\" class=\"yoast-schema-graph\">{\"@context\":\"https:\/\/schema.org\",\"@graph\":[{\"@type\":\"WebPage\",\"@id\":\"https:\/\/www.akselera.com\/no\/vare-ansatte\/kjetil-helgesen\/\",\"url\":\"https:\/\/www.akselera.com\/no\/vare-ansatte\/kjetil-helgesen\/\",\"name\":\"Kjetil Helgesen - Akselera\",\"isPartOf\":{\"@id\":\"https:\/\/www.akselera.com\/#website\"},\"datePublished\":\"2022-05-12T13:06:04+00:00\",\"dateModified\":\"2026-03-11T09:53:17+00:00\",\"breadcrumb\":{\"@id\":\"https:\/\/www.akselera.com\/no\/vare-ansatte\/kjetil-helgesen\/#breadcrumb\"},\"inLanguage\":\"nb-NO\",\"potentialAction\":[{\"@type\":\"ReadAction\",\"target\":[\"https:\/\/www.akselera.com\/no\/vare-ansatte\/kjetil-helgesen\/\"]}]},{\"@type\":\"BreadcrumbList\",\"@id\":\"https:\/\/www.akselera.com\/no\/vare-ansatte\/kjetil-helgesen\/#breadcrumb\",\"itemListElement\":[{\"@type\":\"ListItem\",\"position\":1,\"name\":\"Hjem\",\"item\":\"https:\/\/www.akselera.com\/\"},{\"@type\":\"ListItem\",\"position\":2,\"name\":\"V\u00e5re ansatte\",\"item\":\"https:\/\/www.akselera.com\/no\/vare-ansatte\/\"},{\"@type\":\"ListItem\",\"position\":3,\"name\":\"Kjetil Helgesen\"}]},{\"@type\":\"WebSite\",\"@id\":\"https:\/\/www.akselera.com\/#website\",\"url\":\"https:\/\/www.akselera.com\/\",\"name\":\"Akselera\",\"description\":\"Value through experience\",\"publisher\":{\"@id\":\"https:\/\/www.akselera.com\/#organization\"},\"potentialAction\":[{\"@type\":\"SearchAction\",\"target\":{\"@type\":\"EntryPoint\",\"urlTemplate\":\"https:\/\/www.akselera.com\/?s={search_term_string}\"},\"query-input\":{\"@type\":\"PropertyValueSpecification\",\"valueRequired\":true,\"valueName\":\"search_term_string\"}}],\"inLanguage\":\"nb-NO\"},{\"@type\":\"Organization\",\"@id\":\"https:\/\/www.akselera.com\/#organization\",\"name\":\"Akselera\",\"url\":\"https:\/\/www.akselera.com\/\",\"logo\":{\"@type\":\"ImageObject\",\"inLanguage\":\"nb-NO\",\"@id\":\"https:\/\/www.akselera.com\/#\/schema\/logo\/image\/\",\"url\":\"https:\/\/www.akselera.com\/wp-content\/uploads\/2020\/12\/Akselera-Favicon-010.png\",\"contentUrl\":\"https:\/\/www.akselera.com\/wp-content\/uploads\/2020\/12\/Akselera-Favicon-010.png\",\"width\":114,\"height\":104,\"caption\":\"Akselera\"},\"image\":{\"@id\":\"https:\/\/www.akselera.com\/#\/schema\/logo\/image\/\"},\"sameAs\":[\"https:\/\/www.linkedin.com\/company\/akselera\/\"]}]}<\/script>\n<!-- \/ Yoast SEO plugin. -->","yoast_head_json":{"title":"Kjetil Helgesen - Akselera","robots":{"index":"index","follow":"follow","max-snippet":"max-snippet:-1","max-image-preview":"max-image-preview:large","max-video-preview":"max-video-preview:-1"},"canonical":"https:\/\/www.akselera.com\/no\/vare-ansatte\/kjetil-helgesen\/","og_locale":"nb_NO","og_type":"article","og_title":"Kjetil Helgesen - Akselera","og_description":"[vc_row type=&raquo;full_width_background&raquo; full_screen_row_position=&raquo;middle&raquo; column_margin=&raquo;default&raquo; column_direction=&raquo;default&raquo; column_direction_tablet=&raquo;default&raquo; column_direction_phone=&raquo;default&raquo; bg_image=&raquo;63&#8243; bg_image_type=&raquo;default&raquo; bg_position=&raquo;center bottom&raquo; background_image_loading=&raquo;default&raquo; bg_repeat=&raquo;no-repeat&raquo; scene_position=&raquo;center&raquo; top_padding=&raquo;9%&raquo; constrain_group_1=&raquo;yes&raquo; bottom_padding=&raquo;9%&raquo; top_padding_phone=&raquo;20%&raquo; bottom_padding_phone=&raquo;20%&raquo; text_color=&raquo;dark&raquo; text_align=&raquo;left&raquo; row_border_radius=&raquo;none&raquo; row_border_radius_applies=&raquo;bg&raquo; row_position_desktop=&raquo;default&raquo; row_position_tablet=&raquo;inherit&raquo; row_position_phone=&raquo;inherit&raquo; overflow=&raquo;visible&raquo; color_overlay=&raquo;#2c4e68&#8243; overlay_strength=&raquo;0.5&#8243; gradient_direction=&raquo;left_to_right&raquo;...","og_url":"https:\/\/www.akselera.com\/no\/vare-ansatte\/kjetil-helgesen\/","og_site_name":"Akselera","article_modified_time":"2026-03-11T09:53:17+00:00","og_image":[{"width":1200,"height":630,"url":"https:\/\/www.akselera.com\/wp-content\/uploads\/2020\/12\/Akselera-paralax-1200x630-1.jpg","type":"image\/jpeg"}],"schema":{"@context":"https:\/\/schema.org","@graph":[{"@type":"WebPage","@id":"https:\/\/www.akselera.com\/no\/vare-ansatte\/kjetil-helgesen\/","url":"https:\/\/www.akselera.com\/no\/vare-ansatte\/kjetil-helgesen\/","name":"Kjetil Helgesen - Akselera","isPartOf":{"@id":"https:\/\/www.akselera.com\/#website"},"datePublished":"2022-05-12T13:06:04+00:00","dateModified":"2026-03-11T09:53:17+00:00","breadcrumb":{"@id":"https:\/\/www.akselera.com\/no\/vare-ansatte\/kjetil-helgesen\/#breadcrumb"},"inLanguage":"nb-NO","potentialAction":[{"@type":"ReadAction","target":["https:\/\/www.akselera.com\/no\/vare-ansatte\/kjetil-helgesen\/"]}]},{"@type":"BreadcrumbList","@id":"https:\/\/www.akselera.com\/no\/vare-ansatte\/kjetil-helgesen\/#breadcrumb","itemListElement":[{"@type":"ListItem","position":1,"name":"Hjem","item":"https:\/\/www.akselera.com\/"},{"@type":"ListItem","position":2,"name":"V\u00e5re ansatte","item":"https:\/\/www.akselera.com\/no\/vare-ansatte\/"},{"@type":"ListItem","position":3,"name":"Kjetil Helgesen"}]},{"@type":"WebSite","@id":"https:\/\/www.akselera.com\/#website","url":"https:\/\/www.akselera.com\/","name":"Akselera","description":"Value through experience","publisher":{"@id":"https:\/\/www.akselera.com\/#organization"},"potentialAction":[{"@type":"SearchAction","target":{"@type":"EntryPoint","urlTemplate":"https:\/\/www.akselera.com\/?s={search_term_string}"},"query-input":{"@type":"PropertyValueSpecification","valueRequired":true,"valueName":"search_term_string"}}],"inLanguage":"nb-NO"},{"@type":"Organization","@id":"https:\/\/www.akselera.com\/#organization","name":"Akselera","url":"https:\/\/www.akselera.com\/","logo":{"@type":"ImageObject","inLanguage":"nb-NO","@id":"https:\/\/www.akselera.com\/#\/schema\/logo\/image\/","url":"https:\/\/www.akselera.com\/wp-content\/uploads\/2020\/12\/Akselera-Favicon-010.png","contentUrl":"https:\/\/www.akselera.com\/wp-content\/uploads\/2020\/12\/Akselera-Favicon-010.png","width":114,"height":104,"caption":"Akselera"},"image":{"@id":"https:\/\/www.akselera.com\/#\/schema\/logo\/image\/"},"sameAs":["https:\/\/www.linkedin.com\/company\/akselera\/"]}]}},"_links":{"self":[{"href":"https:\/\/www.akselera.com\/no\/wp-json\/wp\/v2\/pages\/2629","targetHints":{"allow":["GET"]}}],"collection":[{"href":"https:\/\/www.akselera.com\/no\/wp-json\/wp\/v2\/pages"}],"about":[{"href":"https:\/\/www.akselera.com\/no\/wp-json\/wp\/v2\/types\/page"}],"author":[{"embeddable":true,"href":"https:\/\/www.akselera.com\/no\/wp-json\/wp\/v2\/users\/4"}],"replies":[{"embeddable":true,"href":"https:\/\/www.akselera.com\/no\/wp-json\/wp\/v2\/comments?post=2629"}],"version-history":[{"count":0,"href":"https:\/\/www.akselera.com\/no\/wp-json\/wp\/v2\/pages\/2629\/revisions"}],"up":[{"embeddable":true,"href":"https:\/\/www.akselera.com\/no\/wp-json\/wp\/v2\/pages\/2717"}],"wp:attachment":[{"href":"https:\/\/www.akselera.com\/no\/wp-json\/wp\/v2\/media?parent=2629"}],"curies":[{"name":"wp","href":"https:\/\/api.w.org\/{rel}","templated":true}]}}